{"id":9061,"date":"2020-07-20T12:32:08","date_gmt":"2020-07-20T12:32:08","guid":{"rendered":"http:\/\/test\/?page_id=9061"},"modified":"2026-02-12T00:44:53","modified_gmt":"2026-02-12T00:44:53","slug":"request-appointment","status":"publish","type":"page","link":"https:\/\/previva.ca\/en\/request-appointment\/","title":{"rendered":"Demander un rendez-vous"},"content":{"rendered":"<div data-elementor-type=\"wp-page\" data-elementor-id=\"9061\" class=\"elementor elementor-9061\">\n\t\t\t\t\t\t<section class=\"elementor-section elementor-top-section elementor-element elementor-element-53514f2 elementor-section-boxed elementor-section-height-default elementor-section-height-default sc_fly_static\" data-id=\"53514f2\" data-element_type=\"section\" data-e-type=\"section\">\n\t\t\t\t\t\t<div class=\"elementor-container elementor-column-gap-extended\">\n\t\t\t\t\t<div class=\"elementor-column elementor-col-100 elementor-top-column elementor-element elementor-element-b1df064 sc_content_align_inherit sc_layouts_column_icons_position_left sc_fly_static\" data-id=\"b1df064\" data-element_type=\"column\" data-e-type=\"column\">\n\t\t\t<div class=\"elementor-widget-wrap elementor-element-populated\">\n\t\t\t\t\t\t<div class=\"elementor-element elementor-element-e157e1c sc_fly_static elementor-widget elementor-widget-spacer\" data-id=\"e157e1c\" data-element_type=\"widget\" data-e-type=\"widget\" data-widget_type=\"spacer.default\">\n\t\t\t\t<div class=\"elementor-widget-container\">\n\t\t\t\t\t\t\t<div class=\"elementor-spacer\">\n\t\t\t<div class=\"elementor-spacer-inner\"><\/div>\n\t\t<\/div>\n\t\t\t\t\t\t<\/div>\n\t\t\t\t<\/div>\n\t\t\t\t\t<\/div>\n\t\t<\/div>\n\t\t\t\t\t<\/div>\n\t\t<\/section>\n\t\t\t\t<section class=\"elementor-section elementor-top-section elementor-element elementor-element-6ee49ec elementor-section-boxed elementor-section-height-default elementor-section-height-default sc_fly_static\" data-id=\"6ee49ec\" data-element_type=\"section\" data-e-type=\"section\">\n\t\t\t\t\t\t<div class=\"elementor-container elementor-column-gap-extended\">\n\t\t\t\t\t<div class=\"elementor-column elementor-col-100 elementor-top-column elementor-element elementor-element-459f905 sc_content_align_inherit sc_layouts_column_icons_position_left sc_fly_static\" data-id=\"459f905\" data-element_type=\"column\" data-e-type=\"column\">\n\t\t\t<div class=\"elementor-widget-wrap elementor-element-populated\">\n\t\t\t\t\t\t<div class=\"elementor-element elementor-element-1419c47 sc_fly_static elementor-widget elementor-widget-trx_sc_title\" data-id=\"1419c47\" data-element_type=\"widget\" data-e-type=\"widget\" data-widget_type=\"trx_sc_title.default\">\n\t\t\t\t<div class=\"elementor-widget-container\">\n\t\t\t\t\t<div\t\tclass=\"sc_title sc_title_default\" ><span class=\"sc_item_subtitle sc_title_subtitle sc_align_center sc_item_subtitle_above sc_item_title_style_default\">Choose your advisor<\/span><h1 class=\"sc_item_title sc_title_title sc_align_center sc_item_title_style_default sc_item_title_tag trx_addons_inline_2094609770\"\n\t\t\t><span class=\"sc_item_title_text\">Appointment<\/span><\/h1><\/div>\t\t\t\t<\/div>\n\t\t\t\t<\/div>\n\t\t\t\t\t<\/div>\n\t\t<\/div>\n\t\t\t\t\t<\/div>\n\t\t<\/section>\n\t\t\t\t<section class=\"elementor-section elementor-top-section elementor-element elementor-element-384bf43 elementor-section-stretched elementor-section-full_width elementor-section-height-default elementor-section-height-default sc_fly_static\" data-id=\"384bf43\" data-element_type=\"section\" data-e-type=\"section\" data-settings=\"{&quot;background_background&quot;:&quot;classic&quot;,&quot;stretch_section&quot;:&quot;section-stretched&quot;}\">\n\t\t\t\t\t\t<div class=\"elementor-container elementor-column-gap-extended\">\n\t\t\t\t\t<div class=\"elementor-column elementor-col-100 elementor-top-column elementor-element elementor-element-3b9b541 sc_content_align_inherit sc_layouts_column_icons_position_left sc_fly_static\" data-id=\"3b9b541\" data-element_type=\"column\" data-e-type=\"column\">\n\t\t\t<div class=\"elementor-widget-wrap elementor-element-populated\">\n\t\t\t\t\t\t<div class=\"elementor-element elementor-element-723285b sc_fly_static elementor-widget elementor-widget-spacer\" data-id=\"723285b\" data-element_type=\"widget\" data-e-type=\"widget\" data-widget_type=\"spacer.default\">\n\t\t\t\t<div class=\"elementor-widget-container\">\n\t\t\t\t\t\t\t<div class=\"elementor-spacer\">\n\t\t\t<div class=\"elementor-spacer-inner\"><\/div>\n\t\t<\/div>\n\t\t\t\t\t\t<\/div>\n\t\t\t\t<\/div>\n\t\t\t\t\t<\/div>\n\t\t<\/div>\n\t\t\t\t\t<\/div>\n\t\t<\/section>\n\t\t\t\t<section class=\"elementor-section-with-custom-width elementor-section elementor-top-section elementor-element elementor-element-f51291f elementor-section-boxed elementor-section-height-default elementor-section-height-default sc_fly_static\" data-id=\"f51291f\" data-element_type=\"section\" data-e-type=\"section\">\n\t\t\t\t\t\t<div class=\"elementor-container elementor-column-gap-extended\">\n\t\t\t\t\t<div class=\"elementor-column elementor-col-100 elementor-top-column elementor-element elementor-element-1f4ec1b sc_content_align_inherit sc_layouts_column_icons_position_left sc_fly_static\" data-id=\"1f4ec1b\" data-element_type=\"column\" data-e-type=\"column\">\n\t\t\t<div class=\"elementor-widget-wrap elementor-element-populated\">\n\t\t\t\t\t\t<div class=\"elementor-element elementor-element-3258427 sc_fly_static elementor-widget elementor-widget-spacer\" data-id=\"3258427\" data-element_type=\"widget\" data-e-type=\"widget\" data-widget_type=\"spacer.default\">\n\t\t\t\t<div class=\"elementor-widget-container\">\n\t\t\t\t\t\t\t<div class=\"elementor-spacer\">\n\t\t\t<div class=\"elementor-spacer-inner\"><\/div>\n\t\t<\/div>\n\t\t\t\t\t\t<\/div>\n\t\t\t\t<\/div>\n\t\t\t\t\t<\/div>\n\t\t<\/div>\n\t\t\t\t\t<\/div>\n\t\t<\/section>\n\t\t\t\t<section class=\"elementor-section-with-custom-width elementor-section elementor-top-section elementor-element elementor-element-5f8b985 elementor-section-boxed elementor-section-height-default elementor-section-height-default sc_fly_static\" data-id=\"5f8b985\" data-element_type=\"section\" data-e-type=\"section\">\n\t\t\t\t\t\t<div class=\"elementor-container elementor-column-gap-extended\">\n\t\t\t\t\t<div class=\"elementor-column elementor-col-100 elementor-top-column elementor-element elementor-element-b55b8cc sc_content_align_inherit sc_layouts_column_icons_position_left sc_fly_static\" data-id=\"b55b8cc\" data-element_type=\"column\" data-e-type=\"column\">\n\t\t\t<div class=\"elementor-widget-wrap elementor-element-populated\">\n\t\t\t\t\t\t<div class=\"elementor-element elementor-element-82eabf9 sc_fly_static elementor-widget elementor-widget-trx_sc_team\" data-id=\"82eabf9\" data-element_type=\"widget\" data-e-type=\"widget\" data-widget_type=\"trx_sc_team.default\">\n\t\t\t\t<div class=\"elementor-widget-container\">\n\t\t\t\t\t<div \t\tclass=\"sc_team sc_team_creative\"><div class=\"sc_team_content sc_item_content sc_item_posts_container\"><div data-post-id=\"1164\" class=\"sc_team_item sc_item_container post_container no_links post-1164 cpt_team type-cpt_team status-publish has-post-thumbnail hentry cpt_team_group-consultant1\">\n\t<div class=\"post_featured sc_team_item_thumb trx_addons_hover trx_addons_hover_style_info_anim\"><img fetchpriority=\"high\" decoding=\"async\" width=\"570\" height=\"696\" src=\"https:\/\/previva.ca\/wp-content\/uploads\/2020\/04\/image-z-copright4-570x696.jpg\" class=\"attachment-insurance-ancora-thumb-rectangle size-insurance-ancora-thumb-rectangle wp-post-image\" alt=\"\" srcset=\"https:\/\/previva.ca\/wp-content\/uploads\/2020\/04\/image-z-copright4-570x696.jpg 570w, https:\/\/previva.ca\/wp-content\/uploads\/2020\/04\/image-z-copright4-246x300.jpg 246w, https:\/\/previva.ca\/wp-content\/uploads\/2020\/04\/image-z-copright4-840x1024.jpg 840w, https:\/\/previva.ca\/wp-content\/uploads\/2020\/04\/image-z-copright4-768x937.jpg 768w, https:\/\/previva.ca\/wp-content\/uploads\/2020\/04\/image-z-copright4-10x12.jpg 10w, https:\/\/previva.ca\/wp-content\/uploads\/2020\/04\/image-z-copright4-370x451.jpg 370w, https:\/\/previva.ca\/wp-content\/uploads\/2020\/04\/image-z-copright4-410x500.jpg 410w, https:\/\/previva.ca\/wp-content\/uploads\/2020\/04\/image-z-copright4-600x732.jpg 600w, https:\/\/previva.ca\/wp-content\/uploads\/2020\/04\/image-z-copright4.jpg 1230w\" sizes=\"(max-width: 600px) 100vw, 570px\" \/><div class=\"all-svg\"><span class=\"svg-1\"><svg xmlns=\"http:\/\/www.w3.org\/2000\/svg\" viewbox=\"0 0 130 130\">   <g transform=\"translate(-1670 -542)\">     <circle  cx=\"5\" cy=\"5\" r=\"5\" transform=\"translate(1670 542)\"\/>     <circle  cx=\"5\" cy=\"5\" r=\"5\" transform=\"translate(1690 542)\"\/>     <circle  cx=\"5\" cy=\"5\" r=\"5\" transform=\"translate(1710 542)\"\/>     <circle  cx=\"5\" cy=\"5\" r=\"5\" transform=\"translate(1730 542)\"\/>     <circle  cx=\"5\" cy=\"5\" r=\"5\" transform=\"translate(1750 542)\"\/>     <circle  cx=\"5\" cy=\"5\" r=\"5\" transform=\"translate(1770 542)\"\/>     <circle  cx=\"5\" cy=\"5\" r=\"5\" transform=\"translate(1790 542)\"\/>     <circle  cx=\"5\" cy=\"5\" r=\"5\" transform=\"translate(1670 562)\"\/>     <circle  cx=\"5\" cy=\"5\" r=\"5\" transform=\"translate(1690 562)\"\/>     <circle  cx=\"5\" cy=\"5\" r=\"5\" transform=\"translate(1710 562)\"\/>     <circle  cx=\"5\" cy=\"5\" r=\"5\" transform=\"translate(1730 562)\"\/>     <circle  cx=\"5\" cy=\"5\" r=\"5\" transform=\"translate(1750 562)\"\/>     <circle  cx=\"5\" cy=\"5\" r=\"5\" transform=\"translate(1770 562)\"\/>     <circle  cx=\"5\" cy=\"5\" r=\"5\" transform=\"translate(1790 562)\"\/>     <circle  cx=\"5\" cy=\"5\" r=\"5\" transform=\"translate(1670 582)\"\/>     <circle  cx=\"5\" cy=\"5\" r=\"5\" transform=\"translate(1690 582)\"\/>     <circle  cx=\"5\" cy=\"5\" r=\"5\" transform=\"translate(1710 582)\"\/>     <circle  cx=\"5\" cy=\"5\" r=\"5\" transform=\"translate(1730 582)\"\/>     <circle  cx=\"5\" cy=\"5\" r=\"5\" transform=\"translate(1750 582)\"\/>     <circle  cx=\"5\" cy=\"5\" r=\"5\" transform=\"translate(1770 582)\"\/>     <circle  cx=\"5\" cy=\"5\" r=\"5\" transform=\"translate(1790 582)\"\/>     <circle  cx=\"5\" cy=\"5\" r=\"5\" transform=\"translate(1670 602)\"\/>     <circle  cx=\"5\" cy=\"5\" r=\"5\" transform=\"translate(1690 602)\"\/>     <circle  cx=\"5\" cy=\"5\" r=\"5\" transform=\"translate(1710 602)\"\/>     <circle  cx=\"5\" cy=\"5\" r=\"5\" transform=\"translate(1730 602)\"\/>     <circle  cx=\"5\" cy=\"5\" r=\"5\" transform=\"translate(1750 602)\"\/>     <circle  cx=\"5\" cy=\"5\" r=\"5\" transform=\"translate(1770 602)\"\/>     <circle  cx=\"5\" cy=\"5\" r=\"5\" transform=\"translate(1790 602)\"\/>     <circle  cx=\"5\" cy=\"5\" r=\"5\" transform=\"translate(1670 622)\"\/>     <circle  cx=\"5\" cy=\"5\" r=\"5\" transform=\"translate(1690 622)\"\/>     <circle  cx=\"5\" cy=\"5\" r=\"5\" transform=\"translate(1710 622)\"\/>     <circle  cx=\"5\" cy=\"5\" r=\"5\" transform=\"translate(1730 622)\"\/>     <circle  cx=\"5\" cy=\"5\" r=\"5\" transform=\"translate(1750 622)\"\/>     <circle  cx=\"5\" cy=\"5\" r=\"5\" transform=\"translate(1770 622)\"\/>     <circle  cx=\"5\" cy=\"5\" r=\"5\" transform=\"translate(1790 622)\"\/>     <circle  cx=\"5\" cy=\"5\" r=\"5\" transform=\"translate(1670 642)\"\/>     <circle  cx=\"5\" cy=\"5\" r=\"5\" transform=\"translate(1690 642)\"\/>     <circle  cx=\"5\" cy=\"5\" r=\"5\" transform=\"translate(1710 642)\"\/>     <circle  cx=\"5\" cy=\"5\" r=\"5\" transform=\"translate(1730 642)\"\/>     <circle  cx=\"5\" cy=\"5\" r=\"5\" transform=\"translate(1750 642)\"\/>     <circle  cx=\"5\" cy=\"5\" r=\"5\" transform=\"translate(1770 642)\"\/>     <circle  cx=\"5\" cy=\"5\" r=\"5\" transform=\"translate(1790 642)\"\/>     <circle  cx=\"5\" cy=\"5\" r=\"5\" transform=\"translate(1670 662)\"\/>     <circle  cx=\"5\" cy=\"5\" r=\"5\" transform=\"translate(1690 662)\"\/>     <circle  cx=\"5\" cy=\"5\" r=\"5\" transform=\"translate(1710 662)\"\/>     <circle  cx=\"5\" cy=\"5\" r=\"5\" transform=\"translate(1730 662)\"\/>     <circle  cx=\"5\" cy=\"5\" r=\"5\" transform=\"translate(1750 662)\"\/>     <circle  cx=\"5\" cy=\"5\" r=\"5\" transform=\"translate(1770 662)\"\/>     <circle  cx=\"5\" cy=\"5\" r=\"5\" transform=\"translate(1790 662)\"\/>   <\/g> <\/svg><\/span><span class=\"svg-2\"><svg xmlns=\"http:\/\/www.w3.org\/2000\/svg\" viewbox=\"0 0 97 97\">   <g>     <circle cx=\"48.5\" cy=\"48.5\" r=\"48.5\" stroke=\"none\"\/>     <circle cx=\"48.5\" cy=\"48.5\" r=\"38\" fill=\"none\"\/>   <\/g> <\/svg><\/span><span class=\"svg-3\"><svg xmlns=\"http:\/\/www.w3.org\/2000\/svg\" width=\"137\" height=\"137\" viewbox=\"0 0 137 137\">   <g>     <circle cx=\"68.5\" cy=\"68.5\" r=\"68.5\" stroke=\"none\"\/>     <circle cx=\"68.5\" cy=\"68.5\" r=\"58\" fill=\"none\"\/>   <\/g> <\/svg><\/span><\/div><div class=\"trx_addons_hover_mask\"><\/div><\/div>\t<div class=\"sc_team_item_info\">\n\t\t<div class=\"sc_team_item_header\">\n\t\t\t<h4 class=\"sc_team_item_title entry-title\">Henry Khawam<\/h4>\n\t\t\t<div class=\"sc_team_item_subtitle\">Financial Security Advisor<br> Mutual Fund Representative<\/div>\t\t<\/div>\n\t\t\t\t\t<div class=\"trx_addons_hover_team\"><div class=\"sc_team_item_socials socials_wrap trx_addons_hover_info\"> <a target=\"_blank\" href=\"https:\/\/www.facebook.com\/henry.khawam.3\" class=\"social_item social_item_style_icons sc_icon_type_icons social_item_type_icons\"><span class=\"social_icon social_icon_facebook-1\" style=\"\"><span class=\"icon-facebook-1\"><\/span><\/span><\/a><a target=\"_blank\" href=\"https:\/\/www.instagram.com\/henrykhawam\/\" class=\"social_item social_item_style_icons sc_icon_type_icons social_item_type_icons\"><span class=\"social_icon social_icon_instagram\" style=\"\"><span class=\"icon-instagram\"><\/span><\/span><\/a><a target=\"_blank\" href=\"https:\/\/www.linkedin.com\/in\/henry-khawam-269838214\/\" class=\"social_item social_item_style_icons sc_icon_type_icons social_item_type_icons\"><span class=\"social_icon social_icon_linkedin\" style=\"\"><span class=\"icon-linkedin\"><\/span><\/span><\/a><\/div><\/div>\n\t\t\t\t<\/div>\n\n<\/div>\n<\/div><\/div>\t\t\t\t<\/div>\n\t\t\t\t<\/div>\n\t\t\t\t<div class=\"elementor-element elementor-element-0d2b9f0 sc_fly_static elementor-widget elementor-widget-spacer\" data-id=\"0d2b9f0\" data-element_type=\"widget\" data-e-type=\"widget\" data-widget_type=\"spacer.default\">\n\t\t\t\t<div class=\"elementor-widget-container\">\n\t\t\t\t\t\t\t<div class=\"elementor-spacer\">\n\t\t\t<div class=\"elementor-spacer-inner\"><\/div>\n\t\t<\/div>\n\t\t\t\t\t\t<\/div>\n\t\t\t\t<\/div>\n\t\t\t\t<div class=\"elementor-element elementor-element-bdb2b8d sc_fly_static elementor-widget elementor-widget-trx_sc_button\" data-id=\"bdb2b8d\" data-element_type=\"widget\" data-e-type=\"widget\" data-widget_type=\"trx_sc_button.default\">\n\t\t\t\t<div class=\"elementor-widget-container\">\n\t\t\t\t\t<div\tclass=\"sc_item_button sc_button_wrap sc_align_center\" ><a href=\"https:\/\/outlook.office.com\/book\/Previvaservicefinancierinc@beneva.ca\/?ismsaljsauthenabled\" class=\"sc_button sc_button_shadow sc_button_slide sc_button_size_small sc_button_icon_top\" target=\"_blank\" style=\"border-radius: 1000px;font-size: 13px;\" ><span class=\"sc_button_text sc_align_center\"><span class=\"sc_button_title\">BOOK AN APPOINTMENT!<\/span><\/span><\/a><\/div>\t\t\t\t<\/div>\n\t\t\t\t<\/div>\n\t\t\t\t<div class=\"elementor-element elementor-element-5451598 sc_fly_static elementor-widget elementor-widget-spacer\" data-id=\"5451598\" data-element_type=\"widget\" data-e-type=\"widget\" data-widget_type=\"spacer.default\">\n\t\t\t\t<div class=\"elementor-widget-container\">\n\t\t\t\t\t\t\t<div class=\"elementor-spacer\">\n\t\t\t<div class=\"elementor-spacer-inner\"><\/div>\n\t\t<\/div>\n\t\t\t\t\t\t<\/div>\n\t\t\t\t<\/div>\n\t\t\t\t\t<\/div>\n\t\t<\/div>\n\t\t\t\t\t<\/div>\n\t\t<\/section>\n\t\t\t\t<section class=\"elementor-section elementor-top-section elementor-element elementor-element-f2ced06 elementor-section-boxed elementor-section-height-default elementor-section-height-default sc_fly_static\" data-id=\"f2ced06\" data-element_type=\"section\" data-e-type=\"section\">\n\t\t\t\t\t\t<div class=\"elementor-container elementor-column-gap-extended\">\n\t\t\t\t\t<div class=\"elementor-column elementor-col-100 elementor-top-column elementor-element elementor-element-9532307 sc_content_align_inherit sc_layouts_column_icons_position_left sc_fly_static\" data-id=\"9532307\" data-element_type=\"column\" data-e-type=\"column\">\n\t\t\t<div class=\"elementor-widget-wrap elementor-element-populated\">\n\t\t\t\t\t\t<div class=\"elementor-element elementor-element-c845d71 sc_fly_static elementor-widget elementor-widget-spacer\" data-id=\"c845d71\" data-element_type=\"widget\" data-e-type=\"widget\" data-widget_type=\"spacer.default\">\n\t\t\t\t<div class=\"elementor-widget-container\">\n\t\t\t\t\t\t\t<div class=\"elementor-spacer\">\n\t\t\t<div class=\"elementor-spacer-inner\"><\/div>\n\t\t<\/div>\n\t\t\t\t\t\t<\/div>\n\t\t\t\t<\/div>\n\t\t\t\t\t<\/div>\n\t\t<\/div>\n\t\t\t\t\t<\/div>\n\t\t<\/section>\n\t\t\t\t<\/div>","protected":false},"excerpt":{"rendered":"<p>Choisissez votre conseiller Rendez-vous Henry Khawam Conseiller en s\u00e9curit\u00e9 financi\u00e8re Repr\u00e9sentant en fonds communs de&hellip;<\/p>","protected":false},"author":2,"featured_media":0,"parent":0,"menu_order":0,"comment_status":"closed","ping_status":"closed","template":"","meta":{"_coblocks_attr":"","_coblocks_dimensions":"","_coblocks_responsive_height":"","_coblocks_accordion_ie_support":"","footnotes":""},"class_list":["post-9061","page","type-page","status-publish","hentry"],"_links":{"self":[{"href":"https:\/\/previva.ca\/en\/wp-json\/wp\/v2\/pages\/9061","targetHints":{"allow":["GET"]}}],"collection":[{"href":"https:\/\/previva.ca\/en\/wp-json\/wp\/v2\/pages"}],"about":[{"href":"https:\/\/previva.ca\/en\/wp-json\/wp\/v2\/types\/page"}],"author":[{"embeddable":true,"href":"https:\/\/previva.ca\/en\/wp-json\/wp\/v2\/users\/2"}],"replies":[{"embeddable":true,"href":"https:\/\/previva.ca\/en\/wp-json\/wp\/v2\/comments?post=9061"}],"version-history":[{"count":127,"href":"https:\/\/previva.ca\/en\/wp-json\/wp\/v2\/pages\/9061\/revisions"}],"predecessor-version":[{"id":25033,"href":"https:\/\/previva.ca\/en\/wp-json\/wp\/v2\/pages\/9061\/revisions\/25033"}],"wp:attachment":[{"href":"https:\/\/previva.ca\/en\/wp-json\/wp\/v2\/media?parent=9061"}],"curies":[{"name":"wp","href":"https:\/\/api.w.org\/{rel}","templated":true}]}}